{"id":79387,"date":"2025-05-08T15:59:21","date_gmt":"2025-05-08T15:59:21","guid":{"rendered":"https:\/\/www.immosol.com\/?page_id=79387"},"modified":"2025-05-12T13:36:35","modified_gmt":"2025-05-12T13:36:35","slug":"404-pagina","status":"publish","type":"page","link":"https:\/\/www.immosol.com\/en\/404-pagina\/","title":{"rendered":"404 Page"},"content":{"rendered":"<div data-elementor-type=\"wp-page\" data-elementor-id=\"79387\" class=\"elementor elementor-79387\" data-elementor-post-type=\"page\">\n\t\t\t\t\t\t<section class=\"elementor-section elementor-top-section elementor-element elementor-element-74a8bf3d elementor-section-content-middle elementor-section-height-min-height elementor-section-boxed elementor-section-height-default elementor-section-items-middle\" data-id=\"74a8bf3d\" data-element_type=\"section\" data-e-type=\"section\" data-settings=\"{&quot;background_background&quot;:&quot;classic&quot;}\">\n\t\t\t\t\t\t<div class=\"elementor-container elementor-column-gap-default\">\n\t\t\t\t\t<div class=\"elementor-column elementor-col-100 elementor-top-column elementor-element elementor-element-5f1d7ac1\" data-id=\"5f1d7ac1\" data-element_type=\"column\" data-e-type=\"column\">\n\t\t\t<div class=\"elementor-widget-wrap elementor-element-populated\">\n\t\t\t\t\t\t<div class=\"elementor-element elementor-element-3bdba287 elementor-widget elementor-widget-heading\" data-id=\"3bdba287\" data-element_type=\"widget\" data-e-type=\"widget\" data-widget_type=\"heading.default\">\n\t\t\t\t<div class=\"elementor-widget-container\">\n\t\t\t\t\t<p class=\"elementor-heading-title elementor-size-default\">404<\/p>\t\t\t\t<\/div>\n\t\t\t\t<\/div>\n\t\t\t\t<div class=\"elementor-element elementor-element-f16aa03 elementor-widget elementor-widget-heading\" data-id=\"f16aa03\" data-element_type=\"widget\" data-e-type=\"widget\" data-widget_type=\"heading.default\">\n\t\t\t\t<div class=\"elementor-widget-container\">\n\t\t\t\t\t<h2 class=\"elementor-heading-title elementor-size-default\">UPS! THIS CONTENT IS NOT AVAILABLE<\/h2>\t\t\t\t<\/div>\n\t\t\t\t<\/div>\n\t\t\t\t<div class=\"elementor-element elementor-element-2eee1f4 elementor-widget elementor-widget-heading\" data-id=\"2eee1f4\" data-element_type=\"widget\" data-e-type=\"widget\" data-widget_type=\"heading.default\">\n\t\t\t\t<div class=\"elementor-widget-container\">\n\t\t\t\t\t<p class=\"elementor-heading-title elementor-size-default\">We recommend that you return to the home page or do a new search.<\/p>\t\t\t\t<\/div>\n\t\t\t\t<\/div>\n\t\t\t\t<div class=\"elementor-element elementor-element-e1938df elementor-widget elementor-widget-search\" data-id=\"e1938df\" data-element_type=\"widget\" data-e-type=\"widget\" data-settings=\"{&quot;submit_trigger&quot;:&quot;click_submit&quot;,&quot;pagination_type_options&quot;:&quot;none&quot;}\" data-widget_type=\"search.default\">\n\t\t\t\t<div class=\"elementor-widget-container\">\n\t\t\t\t\t\t\t<search class=\"e-search hidden\" role=\"search\">\n\t\t\t<form class=\"e-search-form\" action=\"https:\/\/www.immosol.com\/en\/\" method=\"get\" data-trp-original-action=\"https:\/\/www.immosol.com\/en\">\n\n\t\t\t\t\n\t\t\t\t<label class=\"e-search-label\" for=\"search-e1938df\">\n\t\t\t\t\t<span class=\"elementor-screen-only\">\n\t\t\t\t\t\tSearch\t\t\t\t\t<\/span>\n\t\t\t\t\t\t\t\t\t<\/label>\n\n\t\t\t\t<div class=\"e-search-input-wrapper\">\n\t\t\t\t\t<input id=\"search-e1938df\" placeholder=\"\" class=\"e-search-input\" type=\"search\" name=\"s\" value=\"\" autocomplete=\"off\" role=\"combobox\" aria-autocomplete=\"list\" aria-expanded=\"false\" aria-controls=\"results-e1938df\" aria-haspopup=\"listbox\">\n\t\t\t\t\t<svg aria-hidden=\"true\" class=\"e-font-icon-svg e-fas-times\" viewbox=\"0 0 352 512\" xmlns=\"http:\/\/www.w3.org\/2000\/svg\"><path d=\"M242.72 256l100.07-100.07c12.28-12.28 12.28-32.19 0-44.48l-22.24-22.24c-12.28-12.28-32.19-12.28-44.48 0L176 189.28 75.93 89.21c-12.28-12.28-32.19-12.28-44.48 0L9.21 111.45c-12.28 12.28-12.28 32.19 0 44.48L109.28 256 9.21 356.07c-12.28 12.28-12.28 32.19 0 44.48l22.24 22.24c12.28 12.28 32.2 12.28 44.48 0L176 322.72l100.07 100.07c12.28 12.28 32.2 12.28 44.48 0l22.24-22.24c12.28-12.28 12.28-32.19 0-44.48L242.72 256z\"><\/path><\/svg>\t\t\t\t\t\t\t\t\t\t<output id=\"results-e1938df\" class=\"e-search-results-container hide-loader\" aria-live=\"polite\" aria-atomic=\"true\" aria-label=\"Results for search\" tabindex=\"0\">\n\t\t\t\t\t\t<div class=\"e-search-results\"><\/div>\n\t\t\t\t\t\t\t\t\t\t\t<\/output>\n\t\t\t\t\t\t\t\t\t<\/div>\n\t\t\t\t\n\t\t\t\t\n\t\t\t\t<button class=\"e-search-submit\" type=\"submit\">\n\t\t\t\t\t\n\t\t\t\t\t\t\t\t\t\t<span class=\"\">\n\t\t\t\t\t\t\ud83d\udd0d\t\t\t\t\t<\/span>\n\t\t\t\t\t\t\t\t\t<\/button>\n\t\t\t\t<input type=\"hidden\" name=\"e_search_props\" value=\"e1938df-79387\">\n\t\t\t<input type=\"hidden\" name=\"trp-form-language\" value=\"en\"\/><\/form>\n\t\t<\/search>\n\t\t\t\t\t\t<\/div>\n\t\t\t\t<\/div>\n\t\t\t\t<div class=\"elementor-element elementor-element-79ec225b elementor-align-center elementor-widget elementor-widget-button\" data-id=\"79ec225b\" data-element_type=\"widget\" data-e-type=\"widget\" data-widget_type=\"button.default\">\n\t\t\t\t<div class=\"elementor-widget-container\">\n\t\t\t\t\t\t\t\t\t<div class=\"elementor-button-wrapper\">\n\t\t\t\t\t<a class=\"elementor-button elementor-button-link elementor-size-sm\" href=\"https:\/\/www.immosol.com\/en\">\n\t\t\t\t\t\t<span class=\"elementor-button-content-wrapper\">\n\t\t\t\t\t\t\t\t\t<span class=\"elementor-button-text\">Back to Immosol<\/span>\n\t\t\t\t\t<\/span>\n\t\t\t\t\t<\/a>\n\t\t\t\t<\/div>\n\t\t\t\t\t\t\t\t<\/div>\n\t\t\t\t<\/div>\n\t\t\t\t<div class=\"elementor-element elementor-element-adb85a8 elementor-widget elementor-widget-spacer\" data-id=\"adb85a8\" data-element_type=\"widget\" data-e-type=\"widget\" data-widget_type=\"spacer.default\">\n\t\t\t\t<div class=\"elementor-widget-container\">\n\t\t\t\t\t\t\t<div class=\"elementor-spacer\">\n\t\t\t<div class=\"elementor-spacer-inner\"><\/div>\n\t\t<\/div>\n\t\t\t\t\t\t<\/div>\n\t\t\t\t<\/div>\n\t\t\t\t\t<\/div>\n\t\t<\/div>\n\t\t\t\t\t<\/div>\n\t\t<\/section>\n\t\t\t\t<\/div>","protected":false},"excerpt":{"rendered":"<p>404 UPS! THIS CONTENT IS NOT AVAILABLE We recommend you return to the home page or do a new search Search \ud83d\udd0d Back to Immosol<\/p>","protected":false},"author":7,"featured_media":0,"parent":0,"menu_order":0,"comment_status":"closed","ping_status":"closed","template":"","meta":{"site-sidebar-layout":"no-sidebar","site-content-layout":"page-builder","ast-site-content-layout":"full-width-container","site-content-style":"default","site-sidebar-style":"default","ast-global-header-display":"","ast-banner-title-visibility":"","ast-main-header-display":"","ast-hfb-above-header-display":"","ast-hfb-below-header-display":"","ast-hfb-mobile-header-display":"","site-post-title":"disabled","ast-breadcrumbs-content":"","ast-featured-img":"disabled","footer-sml-layout":"","ast-disable-related-posts":"","theme-transparent-header-meta":"","adv-header-id-meta":"","stick-header-meta":"","header-above-stick-meta":"","header-main-stick-meta":"","header-below-stick-meta":"","astra-migrate-meta-layouts":"set","ast-page-background-enabled":"default","ast-page-background-meta":{"desktop":{"background-color":"","background-image":"","background-repeat":"repeat","background-position":"center center","background-size":"auto","background-attachment":"scroll","background-type":"","background-media":"","overlay-type":"","overlay-color":"","overlay-opacity":"","overlay-gradient":""},"tablet":{"background-color":"","background-image":"","background-repeat":"repeat","background-position":"center center","background-size":"auto","background-attachment":"scroll","background-type":"","background-media":"","overlay-type":"","overlay-color":"","overlay-opacity":"","overlay-gradient":""},"mobile":{"background-color":"","background-image":"","background-repeat":"repeat","background-position":"center center","background-size":"auto","background-attachment":"scroll","background-type":"","background-media":"","overlay-type":"","overlay-color":"","overlay-opacity":"","overlay-gradient":""}},"ast-content-background-meta":{"desktop":{"background-color":"var(--ast-global-color-5)","background-image":"","background-repeat":"repeat","background-position":"center center","background-size":"auto","background-attachment":"scroll","background-type":"","background-media":"","overlay-type":"","overlay-color":"","overlay-opacity":"","overlay-gradient":""},"tablet":{"background-color":"var(--ast-global-color-5)","background-image":"","background-repeat":"repeat","background-position":"center center","background-size":"auto","background-attachment":"scroll","background-type":"","background-media":"","overlay-type":"","overlay-color":"","overlay-opacity":"","overlay-gradient":""},"mobile":{"background-color":"var(--ast-global-color-5)","background-image":"","background-repeat":"repeat","background-position":"center center","background-size":"auto","background-attachment":"scroll","background-type":"","background-media":"","overlay-type":"","overlay-color":"","overlay-opacity":"","overlay-gradient":""}},"_joinchat":[],"footnotes":""},"class_list":["post-79387","page","type-page","status-publish","hentry"],"yoast_head":"<!-- This site is optimized with the Yoast SEO plugin v27.5 - https:\/\/yoast.com\/product\/yoast-seo-wordpress\/ -->\n<title>404 P\u00e1gina - Immosol | Promotora inmobiliaria en la Costa Blanca<\/title>\n<meta name=\"robots\" content=\"noindex, follow\" \/>\n<meta property=\"og:locale\" content=\"en_GB\" \/>\n<meta property=\"og:type\" content=\"article\" \/>\n<meta property=\"og:title\" content=\"404 P\u00e1gina - Immosol | Promotora inmobiliaria en la Costa Blanca\" \/>\n<meta property=\"og:description\" content=\"404 \u00a1UPS! ESTE CONTENIDO NO EST\u00c1 DISPONIBLE Te recomendamos volver a la p\u00e1gina de inicio o hacer una nueva b\u00fasqueda Buscar \ud83d\udd0d Volver a Immosol\" \/>\n<meta property=\"og:url\" content=\"https:\/\/www.immosol.com\/en\/404-pagina\/\" \/>\n<meta property=\"og:site_name\" content=\"Immosol | Promotora inmobiliaria en la Costa Blanca\" \/>\n<meta property=\"article:modified_time\" content=\"2025-05-12T13:36:35+00:00\" \/>\n<meta property=\"og:image\" content=\"https:\/\/www.immosol.com\/wp-content\/uploads\/2024\/12\/catalogo-2026.png\" \/>\n\t<meta property=\"og:image:width\" content=\"700\" \/>\n\t<meta property=\"og:image:height\" content=\"467\" \/>\n\t<meta property=\"og:image:type\" content=\"image\/png\" \/>\n<meta name=\"twitter:card\" content=\"summary_large_image\" \/>\n<script type=\"application\/ld+json\" class=\"yoast-schema-graph\">{\"@context\":\"https:\\\/\\\/schema.org\",\"@graph\":[{\"@type\":\"WebPage\",\"@id\":\"https:\\\/\\\/www.immosol.com\\\/404-pagina\\\/\",\"url\":\"https:\\\/\\\/www.immosol.com\\\/404-pagina\\\/\",\"name\":\"404 P\u00e1gina - Immosol | Promotora inmobiliaria en la Costa Blanca\",\"isPartOf\":{\"@id\":\"https:\\\/\\\/www.immosol.com\\\/#website\"},\"datePublished\":\"2025-05-08T15:59:21+00:00\",\"dateModified\":\"2025-05-12T13:36:35+00:00\",\"breadcrumb\":{\"@id\":\"https:\\\/\\\/www.immosol.com\\\/404-pagina\\\/#breadcrumb\"},\"inLanguage\":\"en-GB\",\"potentialAction\":[{\"@type\":\"ReadAction\",\"target\":[\"https:\\\/\\\/www.immosol.com\\\/404-pagina\\\/\"]}]},{\"@type\":\"BreadcrumbList\",\"@id\":\"https:\\\/\\\/www.immosol.com\\\/404-pagina\\\/#breadcrumb\",\"itemListElement\":[{\"@type\":\"ListItem\",\"position\":1,\"name\":\"Portada\",\"item\":\"https:\\\/\\\/www.immosol.com\\\/\"},{\"@type\":\"ListItem\",\"position\":2,\"name\":\"404 P\u00e1gina\"}]},{\"@type\":\"WebSite\",\"@id\":\"https:\\\/\\\/www.immosol.com\\\/#website\",\"url\":\"https:\\\/\\\/www.immosol.com\\\/\",\"name\":\"Immosol | Promotora inmobiliaria en la Costa Blanca\",\"description\":\"Promotora inmobiliaria en Alicante\",\"publisher\":{\"@id\":\"https:\\\/\\\/www.immosol.com\\\/#organization\"},\"potentialAction\":[{\"@type\":\"SearchAction\",\"target\":{\"@type\":\"EntryPoint\",\"urlTemplate\":\"https:\\\/\\\/www.immosol.com\\\/?s={search_term_string}\"},\"query-input\":{\"@type\":\"PropertyValueSpecification\",\"valueRequired\":true,\"valueName\":\"search_term_string\"}}],\"inLanguage\":\"en-GB\"},{\"@type\":\"Organization\",\"@id\":\"https:\\\/\\\/www.immosol.com\\\/#organization\",\"name\":\"Immosol\",\"alternateName\":\"Promotora Inmobiliaria en Alicante (Costa Blanca)\",\"url\":\"https:\\\/\\\/www.immosol.com\\\/\",\"logo\":{\"@type\":\"ImageObject\",\"inLanguage\":\"en-GB\",\"@id\":\"https:\\\/\\\/www.immosol.com\\\/#\\\/schema\\\/logo\\\/image\\\/\",\"url\":\"https:\\\/\\\/www.immosol.com\\\/wp-content\\\/uploads\\\/2023\\\/11\\\/HOLA-01.webp\",\"contentUrl\":\"https:\\\/\\\/www.immosol.com\\\/wp-content\\\/uploads\\\/2023\\\/11\\\/HOLA-01.webp\",\"width\":574,\"height\":164,\"caption\":\"Immosol\"},\"image\":{\"@id\":\"https:\\\/\\\/www.immosol.com\\\/#\\\/schema\\\/logo\\\/image\\\/\"}}]}<\/script>\n<!-- \/ Yoast SEO plugin. -->","yoast_head_json":{"title":"404 Page - Immosol | Costa Blanca Property Development Company","robots":{"index":"noindex","follow":"follow"},"og_locale":"en_GB","og_type":"article","og_title":"404 P\u00e1gina - Immosol | Promotora inmobiliaria en la Costa Blanca","og_description":"404 \u00a1UPS! ESTE CONTENIDO NO EST\u00c1 DISPONIBLE Te recomendamos volver a la p\u00e1gina de inicio o hacer una nueva b\u00fasqueda Buscar \ud83d\udd0d Volver a Immosol","og_url":"https:\/\/www.immosol.com\/en\/404-pagina\/","og_site_name":"Immosol | Promotora inmobiliaria en la Costa Blanca","article_modified_time":"2025-05-12T13:36:35+00:00","og_image":[{"width":700,"height":467,"url":"https:\/\/www.immosol.com\/wp-content\/uploads\/2024\/12\/catalogo-2026.png","type":"image\/png"}],"twitter_card":"summary_large_image","schema":{"@context":"https:\/\/schema.org","@graph":[{"@type":"WebPage","@id":"https:\/\/www.immosol.com\/404-pagina\/","url":"https:\/\/www.immosol.com\/404-pagina\/","name":"404 Page - Immosol | Costa Blanca Property Development Company","isPartOf":{"@id":"https:\/\/www.immosol.com\/#website"},"datePublished":"2025-05-08T15:59:21+00:00","dateModified":"2025-05-12T13:36:35+00:00","breadcrumb":{"@id":"https:\/\/www.immosol.com\/404-pagina\/#breadcrumb"},"inLanguage":"en-GB","potentialAction":[{"@type":"ReadAction","target":["https:\/\/www.immosol.com\/404-pagina\/"]}]},{"@type":"BreadcrumbList","@id":"https:\/\/www.immosol.com\/404-pagina\/#breadcrumb","itemListElement":[{"@type":"ListItem","position":1,"name":"Portada","item":"https:\/\/www.immosol.com\/"},{"@type":"ListItem","position":2,"name":"404 P\u00e1gina"}]},{"@type":"WebSite","@id":"https:\/\/www.immosol.com\/#website","url":"https:\/\/www.immosol.com\/","name":"Immosol : Real estate developer on the Costa Blanca","description":"Real Estate Promoter","publisher":{"@id":"https:\/\/www.immosol.com\/#organization"},"potentialAction":[{"@type":"SearchAction","target":{"@type":"EntryPoint","urlTemplate":"https:\/\/www.immosol.com\/?s={search_term_string}"},"query-input":{"@type":"PropertyValueSpecification","valueRequired":true,"valueName":"search_term_string"}}],"inLanguage":"en-GB"},{"@type":"Organization","@id":"https:\/\/www.immosol.com\/#organization","name":"Immosol","alternateName":"Promotora Inmobiliaria en Alicante (Costa Blanca)","url":"https:\/\/www.immosol.com\/","logo":{"@type":"ImageObject","inLanguage":"en-GB","@id":"https:\/\/www.immosol.com\/#\/schema\/logo\/image\/","url":"https:\/\/www.immosol.com\/wp-content\/uploads\/2023\/11\/HOLA-01.webp","contentUrl":"https:\/\/www.immosol.com\/wp-content\/uploads\/2023\/11\/HOLA-01.webp","width":574,"height":164,"caption":"Immosol"},"image":{"@id":"https:\/\/www.immosol.com\/#\/schema\/logo\/image\/"}}]}},"_links":{"self":[{"href":"https:\/\/www.immosol.com\/en\/wp-json\/wp\/v2\/pages\/79387","targetHints":{"allow":["GET"]}}],"collection":[{"href":"https:\/\/www.immosol.com\/en\/wp-json\/wp\/v2\/pages"}],"about":[{"href":"https:\/\/www.immosol.com\/en\/wp-json\/wp\/v2\/types\/page"}],"author":[{"embeddable":true,"href":"https:\/\/www.immosol.com\/en\/wp-json\/wp\/v2\/users\/7"}],"replies":[{"embeddable":true,"href":"https:\/\/www.immosol.com\/en\/wp-json\/wp\/v2\/comments?post=79387"}],"version-history":[{"count":0,"href":"https:\/\/www.immosol.com\/en\/wp-json\/wp\/v2\/pages\/79387\/revisions"}],"wp:attachment":[{"href":"https:\/\/www.immosol.com\/en\/wp-json\/wp\/v2\/media?parent=79387"}],"curies":[{"name":"wp","href":"https:\/\/api.w.org\/{rel}","templated":true}]}}