{"id":84090,"date":"2025-08-21T10:19:10","date_gmt":"2025-08-21T10:19:10","guid":{"rendered":"https:\/\/www.immosol.com\/?page_id=84090"},"modified":"2026-04-21T08:12:44","modified_gmt":"2026-04-21T08:12:44","slug":"promociones","status":"publish","type":"page","link":"https:\/\/www.immosol.com\/fr\/promociones\/","title":{"rendered":"Promotions \u00e0 vendre"},"content":{"rendered":"<div data-elementor-type=\"wp-page\" data-elementor-id=\"84090\" class=\"elementor elementor-84090\" data-elementor-post-type=\"page\">\n\t\t\t\t\t\t<section class=\"elementor-section elementor-top-section elementor-element elementor-element-395906b elementor-section-full_width elementor-section-height-default elementor-section-height-default\" data-id=\"395906b\" data-element_type=\"section\" data-e-type=\"section\">\n\t\t\t\t\t\t<div class=\"elementor-container elementor-column-gap-default\">\n\t\t\t\t\t<div class=\"elementor-column elementor-col-100 elementor-top-column elementor-element elementor-element-6fe3c06\" data-id=\"6fe3c06\" data-element_type=\"column\" data-e-type=\"column\">\n\t\t\t<div class=\"elementor-widget-wrap elementor-element-populated\">\n\t\t\t\t\t\t<div class=\"elementor-element elementor-element-3b29051 elementor--h-position-center elementor--v-position-middle elementor-arrows-position-inside elementor-pagination-position-inside elementor-widget elementor-widget-slides\" data-id=\"3b29051\" data-element_type=\"widget\" data-e-type=\"widget\" data-settings=\"{&quot;navigation&quot;:&quot;both&quot;,&quot;infinite&quot;:&quot;yes&quot;,&quot;transition&quot;:&quot;slide&quot;,&quot;transition_speed&quot;:500}\" data-widget_type=\"slides.default\">\n\t\t\t\t<div class=\"elementor-widget-container\">\n\t\t\t\t\t\t\t\t\t<div class=\"elementor-swiper\">\n\t\t\t\t\t<div class=\"elementor-slides-wrapper elementor-main-swiper swiper\" role=\"region\" aria-roledescription=\"carousel\" aria-label=\"Diapositives\" dir=\"ltr\" data-animation=\"\">\n\t\t\t\t<div class=\"swiper-wrapper elementor-slides\">\n\t\t\t\t\t\t\t\t\t\t<div class=\"elementor-repeater-item-91daacb swiper-slide\" role=\"group\" aria-roledescription=\"slide\"><div class=\"swiper-slide-bg\"><\/div><div class=\"elementor-background-overlay\"><\/div><a class=\"swiper-slide-inner\" href=\"https:\/\/www.immosol.com\/fr\/ultima-villa-sunny-hills\/\"><div class=\"swiper-slide-contents\"><div class=\"elementor-slide-heading\"><img decoding=\"async\" src=\"https:\/\/www.immosol.com\/wp-content\/uploads\/elementor\/thumbs\/logo-sunny-hills-rj1iql70zmx7oamicx696ay2wihb5f2ldr7wo9nv2o.webp\" width=\"150\" alt=\"Ensoleill\u00e9\" hills resort\" \/><br><br>Derni\u00e8re villa Sunny Hills<\/div><div class=\"elementor-slide-description\">Villa de luxe pr\u00eate \u00e0 emm\u00e9nager. Livraison imm\u00e9diate.<br>Vues panoramiques sur Benidorm et la M\u00e9diterran\u00e9e.<br><br><b>FINESTRAT<\/b><\/div><div  class=\"elementor-button elementor-slide-button elementor-size-xs\">819.900 \u20ac<\/div><\/div><\/a><\/div><div class=\"elementor-repeater-item-17cf0bd swiper-slide\" role=\"group\" aria-roledescription=\"slide\"><div class=\"swiper-slide-bg\"><\/div><div class=\"elementor-background-overlay\"><\/div><a class=\"swiper-slide-inner\" href=\"https:\/\/www.immosol.com\/fr\/las-bellas\/\"><div class=\"swiper-slide-contents\"><div class=\"elementor-slide-heading\"><img decoding=\"async\" src=\"https:\/\/www.immosol.com\/wp-content\/uploads\/2025\/05\/logo-bellas.png\" width=\"150\" alt=\"Las Bellas Luxury Villas\" \/><br><br>Las Bellas Luxury Villas<\/div><div class=\"elementor-slide-description\">15 villas de luxe totalement ind\u00e9pendantes<br><br><b>FINESTRAT<\/b><\/div><div  class=\"elementor-button elementor-slide-button elementor-size-xs\">A partir de 699 900 \u20ac<\/div><\/div><\/a><\/div><div class=\"elementor-repeater-item-75b0ff3 swiper-slide\" role=\"group\" aria-roledescription=\"slide\"><div class=\"swiper-slide-bg\"><\/div><div class=\"elementor-background-overlay\"><\/div><a class=\"swiper-slide-inner\" href=\"https:\/\/www.immosol.com\/fr\/ultima-vivienda-nalia-resort\/\"><div class=\"swiper-slide-contents\"><div class=\"elementor-slide-heading\"><img decoding=\"async\" src=\"https:\/\/www.immosol.com\/wp-content\/uploads\/elementor\/thumbs\/nalia-resort-logo-rj1iql71lkb59018ec9lysg989d0ucov0wrkqhmzf6.webp\" width=\"150\" alt=\"Las Bellas Luxury Villas\" \/><br><br>Dernier bungalow Nalia Resort<\/div><div class=\"elementor-slide-description\">Bungalow exclusif pr\u00eat \u00e0 \u00eatre emm\u00e9nag\u00e9.<br>Livraison imm\u00e9diate avec tout le n\u00e9cessaire.<br><br><b>TORREVIEJA<\/b><\/div><div  class=\"elementor-button elementor-slide-button elementor-size-xs\">319.900 \u20ac<\/div><\/div><\/a><\/div><div class=\"elementor-repeater-item-8fd9558 swiper-slide\" role=\"group\" aria-roledescription=\"slide\"><div class=\"swiper-slide-bg\" role=\"img\" aria-label=\"My White Resort\"><\/div><div class=\"elementor-background-overlay\"><\/div><a class=\"swiper-slide-inner\" href=\"https:\/\/www.immosol.com\/fr\/my-white-resort\/\"><div class=\"swiper-slide-contents\"><div class=\"elementor-slide-heading\"><img decoding=\"async\" src=\"https:\/\/www.immosol.com\/wp-content\/uploads\/2025\/04\/my-white-resort-logo-blanco.webp\" width=\"200px\" alt=\"My White Resort\" \/><br><br>My White Resort<\/div><div class=\"elementor-slide-description\">R\u00e9sidentiel exclusif de 99 logements<br><br><b>FINESTRAT<\/b><\/div><div  class=\"elementor-button elementor-slide-button elementor-size-xs\">A partir de 279 900 \u20ac<\/div><\/div><\/a><\/div><div class=\"elementor-repeater-item-700e06f swiper-slide\" role=\"group\" aria-roledescription=\"slide\"><div class=\"swiper-slide-bg\" role=\"img\" aria-label=\"Bungalow Benidorm\"><\/div><div class=\"elementor-background-overlay\"><\/div><a class=\"swiper-slide-inner\" href=\"https:\/\/www.immosol.com\/fr\/marques-golf-resort\/\"><div class=\"swiper-slide-contents\"><div class=\"elementor-slide-heading\"><img decoding=\"async\" src=\"https:\/\/www.immosol.com\/wp-content\/uploads\/2025\/05\/marques-golf-resort-logo.webp\" width=\"200px\" alt=\"Marques Golf Resort\" \/><br><br>Marques Golf Resort<\/div><div class=\"elementor-slide-description\">81 logements exclusifs \u00e0 c\u00f4t\u00e9 du terrain de golf<br><br><b>FINESTRAT<\/b><\/div><div  class=\"elementor-button elementor-slide-button elementor-size-xs\">A partir de 319.900 \u20ac.<\/div><\/div><\/a><\/div><div class=\"elementor-repeater-item-3a555c6 swiper-slide\" role=\"group\" aria-roledescription=\"slide\"><div class=\"swiper-slide-bg\"><\/div><div class=\"elementor-background-overlay\"><\/div><a class=\"swiper-slide-inner\" href=\"https:\/\/www.immosol.com\/fr\/luz\/\"><div class=\"swiper-slide-contents\"><div class=\"elementor-slide-heading\"><img decoding=\"async\" width=\"100px\" src=\"https:\/\/www.immosol.com\/wp-content\/uploads\/elementor\/thumbs\/logo-luz-blanco-r8g56z9fazwz2ioonc5vzinbby0mx56osve32z9mlq.webp\" \/><br><br>Balc\u00f3n de Finestrat Light<\/div><div class=\"elementor-slide-description\">18 penthouses de luxe en terrasse<br><br><b>FINESTRAT<\/b><\/div><div  class=\"elementor-button elementor-slide-button elementor-size-xs\">A partir de 442.400 \u20ac.<\/div><\/div><\/a><\/div><div class=\"elementor-repeater-item-07ca878 swiper-slide\" role=\"group\" aria-roledescription=\"slide\"><div class=\"swiper-slide-bg\" role=\"img\" aria-label=\"Luz 2 Balc\u00f3n de Finestrat\"><\/div><div class=\"elementor-background-overlay\"><\/div><a class=\"swiper-slide-inner\" href=\"https:\/\/www.immosol.com\/fr\/luz-2\/\"><div class=\"swiper-slide-contents\"><div class=\"elementor-slide-heading\"><img decoding=\"async\" src=\"https:\/\/www.immosol.com\/wp-content\/uploads\/2025\/05\/logo-luz-2.png\" width=\"100px\" alt=\"Luz 2 Balc\u00f3n de Finestrat\" \/><br><br>Luz 2 Balc\u00f3n de Finestrat<\/div><div class=\"elementor-slide-description\">18 logements de luxe avec vue panoramique<br><br><b>FINESTRAT<\/b><\/div><div  class=\"elementor-button elementor-slide-button elementor-size-xs\">A partir de 452.400 \u20ac.<\/div><\/div><\/a><\/div><div class=\"elementor-repeater-item-5742e88 swiper-slide\" role=\"group\" aria-roledescription=\"slide\"><div class=\"swiper-slide-bg\"><\/div><div class=\"elementor-background-overlay\"><\/div><a class=\"swiper-slide-inner\" href=\"https:\/\/www.immosol.com\/fr\/las-villas\/\"><div class=\"swiper-slide-contents\"><div class=\"elementor-slide-heading\"><img decoding=\"async\" src=\"https:\/\/www.immosol.com\/wp-content\/uploads\/2025\/05\/logo-las-villas.png\" width=\"100\" alt=\"Las Villas\" \/><br><br>Las Villas<\/div><div class=\"elementor-slide-description\">Villas impressionnantes avec grande terrasse et piscine<br><br><b>FINESTRAT<\/b><\/div><div  class=\"elementor-button elementor-slide-button elementor-size-xs\">A partir de 669 900<\/div><\/div><\/a><\/div><div class=\"elementor-repeater-item-18face6 swiper-slide\" role=\"group\" aria-roledescription=\"slide\"><div class=\"swiper-slide-bg\"><\/div><div class=\"elementor-background-overlay\"><\/div><a class=\"swiper-slide-inner\" href=\"https:\/\/www.immosol.com\/fr\/arena-golf-villas\/\"><div class=\"swiper-slide-contents\"><div class=\"elementor-slide-heading\"><img decoding=\"async\" src=\"https:\/\/www.immosol.com\/wp-content\/uploads\/2025\/04\/arena-golf-villas-algorfa-logo-1.webp\" width=\"100\" alt=\"Arena Golf Villas\" \/><br><br>Arena Golf Villas<\/div><div class=\"elementor-slide-description\">Complexe compos\u00e9 de 8 villas de luxe \u00e0 La Finca<br><br><b>ALGORFA<\/b><\/div><div  class=\"elementor-button elementor-slide-button elementor-size-xs\">\u00c0 partir de 465 000 \u20ac<\/div><\/div><\/a><\/div><div class=\"elementor-repeater-item-089ed12 swiper-slide\" role=\"group\" aria-roledescription=\"slide\"><div class=\"swiper-slide-bg\"><\/div><div class=\"elementor-background-overlay\"><\/div><a class=\"swiper-slide-inner\" href=\"https:\/\/www.immosol.com\/fr\/antonella-beach\/\"><div class=\"swiper-slide-contents\"><div class=\"elementor-slide-heading\"><img decoding=\"async\" src=\"https:\/\/www.immosol.com\/wp-content\/uploads\/2025\/11\/logo-antonella-beach.webp\" width=\"100\" alt=\"Antonella Beach\" \/><br><br>Antonella Beach<\/div><div class=\"elementor-slide-description\">16 logements pr\u00e8s de la mer et du golf<br><br><b>TORREVIEJA<\/b><\/div><div  class=\"elementor-button elementor-slide-button elementor-size-xs\">A partir de 198 000 \u20ac.<\/div><\/div><\/a><\/div><div class=\"elementor-repeater-item-c0d0f9e swiper-slide\" role=\"group\" aria-roledescription=\"slide\"><div class=\"swiper-slide-bg\"><\/div><div class=\"elementor-background-overlay\"><\/div><a class=\"swiper-slide-inner\" href=\"#\"><div class=\"swiper-slide-contents\"><div class=\"elementor-slide-heading\"><img decoding=\"async\" src=\"https:\/\/www.immosol.com\/wp-content\/uploads\/elementor\/thumbs\/logo-lady-bonalba-1-rhcisyz19whacsexyk6eo7iwn7p4pbovuog77n8z80.png\" width=\"150\" alt=\"Lady Bonalba Resort\" \/><br><br>Lady Bonalba Resort<\/div><div class=\"elementor-slide-description\">Logements exclusifs avec vue sur la M\u00e9diterran\u00e9e et le golf<br><br><b> BONALBA-ALICANTE<\/b><\/div><div  class=\"elementor-button elementor-slide-button elementor-size-xs\">PROCHAINE PUBLICATION<\/div><\/div><\/a><\/div>\t\t\t\t<\/div>\n\t\t\t\t\t\t\t\t\t\t\t\t\t\t\t<div class=\"elementor-swiper-button elementor-swiper-button-prev\" role=\"button\" tabindex=\"0\" aria-label=\"Diapositive pr\u00e9c\u00e9dente\">\n\t\t\t\t\t\t\t<svg aria-hidden=\"true\" class=\"e-font-icon-svg e-eicon-chevron-left\" viewbox=\"0 0 1000 1000\" xmlns=\"http:\/\/www.w3.org\/2000\/svg\"><path d=\"M646 125C629 125 613 133 604 142L308 442C296 454 292 471 292 487 292 504 296 521 308 533L604 854C617 867 629 875 646 875 663 875 679 871 692 858 704 846 713 829 713 812 713 796 708 779 692 767L438 487 692 225C700 217 708 204 708 187 708 171 704 154 692 142 675 129 663 125 646 125Z\"><\/path><\/svg>\t\t\t\t\t\t<\/div>\n\t\t\t\t\t\t<div class=\"elementor-swiper-button elementor-swiper-button-next\" role=\"button\" tabindex=\"0\" aria-label=\"Diapositive suivante\">\n\t\t\t\t\t\t\t<svg aria-hidden=\"true\" class=\"e-font-icon-svg e-eicon-chevron-right\" viewbox=\"0 0 1000 1000\" xmlns=\"http:\/\/www.w3.org\/2000\/svg\"><path d=\"M696 533C708 521 713 504 713 487 713 471 708 454 696 446L400 146C388 133 375 125 354 125 338 125 325 129 313 142 300 154 292 171 292 187 292 204 296 221 308 233L563 492 304 771C292 783 288 800 288 817 288 833 296 850 308 863 321 871 338 875 354 875 371 875 388 867 400 854L696 533Z\"><\/path><\/svg>\t\t\t\t\t\t<\/div>\n\t\t\t\t\t\t\t\t\t\t\t\t\t\t\t\t<div class=\"swiper-pagination\"><\/div>\n\t\t\t\t\t\t\t\t\t\t\t\t<\/div>\n\t\t\t\t<\/div>\n\t\t\t\t\t\t\t\t<\/div>\n\t\t\t\t<\/div>\n\t\t\t\t\t<\/div>\n\t\t<\/div>\n\t\t\t\t\t<\/div>\n\t\t<\/section>\n\t\t\t\t<\/div>","protected":false},"excerpt":{"rendered":"","protected":false},"author":14,"featured_media":0,"parent":0,"menu_order":0,"comment_status":"closed","ping_status":"closed","template":"elementor_canvas","meta":{"site-sidebar-layout":"no-sidebar","site-content-layout":"page-builder","ast-site-content-layout":"full-width-container","site-content-style":"default","site-sidebar-style":"default","ast-global-header-display":"","ast-banner-title-visibility":"","ast-main-header-display":"","ast-hfb-above-header-display":"","ast-hfb-below-header-display":"","ast-hfb-mobile-header-display":"","site-post-title":"","ast-breadcrumbs-content":"","ast-featured-img":"disabled","footer-sml-layout":"","ast-disable-related-posts":"","theme-transparent-header-meta":"","adv-header-id-meta":"","stick-header-meta":"","header-above-stick-meta":"","header-main-stick-meta":"","header-below-stick-meta":"","astra-migrate-meta-layouts":"set","ast-page-background-enabled":"default","ast-page-background-meta":{"desktop":{"background-color":"","background-image":"","background-repeat":"repeat","background-position":"center center","background-size":"auto","background-attachment":"scroll","background-type":"","background-media":"","overlay-type":"","overlay-color":"","overlay-opacity":"","overlay-gradient":""},"tablet":{"background-color":"","background-image":"","background-repeat":"repeat","background-position":"center center","background-size":"auto","background-attachment":"scroll","background-type":"","background-media":"","overlay-type":"","overlay-color":"","overlay-opacity":"","overlay-gradient":""},"mobile":{"background-color":"","background-image":"","background-repeat":"repeat","background-position":"center center","background-size":"auto","background-attachment":"scroll","background-type":"","background-media":"","overlay-type":"","overlay-color":"","overlay-opacity":"","overlay-gradient":""}},"ast-content-background-meta":{"desktop":{"background-color":"var(--ast-global-color-5)","background-image":"","background-repeat":"repeat","background-position":"center center","background-size":"auto","background-attachment":"scroll","background-type":"","background-media":"","overlay-type":"","overlay-color":"","overlay-opacity":"","overlay-gradient":""},"tablet":{"background-color":"var(--ast-global-color-5)","background-image":"","background-repeat":"repeat","background-position":"center center","background-size":"auto","background-attachment":"scroll","background-type":"","background-media":"","overlay-type":"","overlay-color":"","overlay-opacity":"","overlay-gradient":""},"mobile":{"background-color":"var(--ast-global-color-5)","background-image":"","background-repeat":"repeat","background-position":"center center","background-size":"auto","background-attachment":"scroll","background-type":"","background-media":"","overlay-type":"","overlay-color":"","overlay-opacity":"","overlay-gradient":""}},"_joinchat":[],"footnotes":""},"class_list":["post-84090","page","type-page","status-publish","hentry"],"yoast_head":"<!-- This site is optimized with the Yoast SEO plugin v27.4 - https:\/\/yoast.com\/product\/yoast-seo-wordpress\/ -->\n<title>Promociones a la venta - Immosol | Promotora inmobiliaria en la Costa Blanca<\/title>\n<meta name=\"robots\" content=\"noindex, follow\" \/>\n<meta property=\"og:locale\" content=\"fr_FR\" \/>\n<meta property=\"og:type\" content=\"article\" \/>\n<meta property=\"og:title\" content=\"Promociones a la venta - Immosol | Promotora inmobiliaria en la Costa Blanca\" \/>\n<meta property=\"og:url\" content=\"https:\/\/www.immosol.com\/fr\/promociones\/\" \/>\n<meta property=\"og:site_name\" content=\"Immosol | Promotora inmobiliaria en la Costa Blanca\" \/>\n<meta property=\"article:modified_time\" content=\"2026-04-21T08:12:44+00:00\" \/>\n<meta property=\"og:image\" content=\"https:\/\/www.immosol.com\/wp-content\/uploads\/elementor\/thumbs\/logo-sunny-hills-rj1iql70zmx7oamicx696ay2wihb5f2ldr7wo9nv2o.webp\" \/>\n<meta name=\"twitter:card\" content=\"summary_large_image\" \/>\n<script type=\"application\/ld+json\" class=\"yoast-schema-graph\">{\"@context\":\"https:\\\/\\\/schema.org\",\"@graph\":[{\"@type\":\"WebPage\",\"@id\":\"https:\\\/\\\/www.immosol.com\\\/promociones\\\/\",\"url\":\"https:\\\/\\\/www.immosol.com\\\/promociones\\\/\",\"name\":\"Promociones a la venta - Immosol | Promotora inmobiliaria en la Costa Blanca\",\"isPartOf\":{\"@id\":\"https:\\\/\\\/www.immosol.com\\\/#website\"},\"primaryImageOfPage\":{\"@id\":\"https:\\\/\\\/www.immosol.com\\\/promociones\\\/#primaryimage\"},\"image\":{\"@id\":\"https:\\\/\\\/www.immosol.com\\\/promociones\\\/#primaryimage\"},\"thumbnailUrl\":\"https:\\\/\\\/www.immosol.com\\\/wp-content\\\/uploads\\\/elementor\\\/thumbs\\\/logo-sunny-hills-rj1iql70zmx7oamicx696ay2wihb5f2ldr7wo9nv2o.webp\",\"datePublished\":\"2025-08-21T10:19:10+00:00\",\"dateModified\":\"2026-04-21T08:12:44+00:00\",\"breadcrumb\":{\"@id\":\"https:\\\/\\\/www.immosol.com\\\/promociones\\\/#breadcrumb\"},\"inLanguage\":\"fr-FR\",\"potentialAction\":[{\"@type\":\"ReadAction\",\"target\":[\"https:\\\/\\\/www.immosol.com\\\/promociones\\\/\"]}]},{\"@type\":\"ImageObject\",\"inLanguage\":\"fr-FR\",\"@id\":\"https:\\\/\\\/www.immosol.com\\\/promociones\\\/#primaryimage\",\"url\":\"https:\\\/\\\/www.immosol.com\\\/wp-content\\\/uploads\\\/elementor\\\/thumbs\\\/logo-sunny-hills-rj1iql70zmx7oamicx696ay2wihb5f2ldr7wo9nv2o.webp\",\"contentUrl\":\"https:\\\/\\\/www.immosol.com\\\/wp-content\\\/uploads\\\/elementor\\\/thumbs\\\/logo-sunny-hills-rj1iql70zmx7oamicx696ay2wihb5f2ldr7wo9nv2o.webp\"},{\"@type\":\"BreadcrumbList\",\"@id\":\"https:\\\/\\\/www.immosol.com\\\/promociones\\\/#breadcrumb\",\"itemListElement\":[{\"@type\":\"ListItem\",\"position\":1,\"name\":\"Portada\",\"item\":\"https:\\\/\\\/www.immosol.com\\\/\"},{\"@type\":\"ListItem\",\"position\":2,\"name\":\"Promociones a la venta\"}]},{\"@type\":\"WebSite\",\"@id\":\"https:\\\/\\\/www.immosol.com\\\/#website\",\"url\":\"https:\\\/\\\/www.immosol.com\\\/\",\"name\":\"Immosol | Promotora inmobiliaria en la Costa Blanca\",\"description\":\"Promotora inmobiliaria en Alicante\",\"publisher\":{\"@id\":\"https:\\\/\\\/www.immosol.com\\\/#organization\"},\"potentialAction\":[{\"@type\":\"SearchAction\",\"target\":{\"@type\":\"EntryPoint\",\"urlTemplate\":\"https:\\\/\\\/www.immosol.com\\\/?s={search_term_string}\"},\"query-input\":{\"@type\":\"PropertyValueSpecification\",\"valueRequired\":true,\"valueName\":\"search_term_string\"}}],\"inLanguage\":\"fr-FR\"},{\"@type\":\"Organization\",\"@id\":\"https:\\\/\\\/www.immosol.com\\\/#organization\",\"name\":\"Immosol\",\"alternateName\":\"Promotora Inmobiliaria en Alicante (Costa Blanca)\",\"url\":\"https:\\\/\\\/www.immosol.com\\\/\",\"logo\":{\"@type\":\"ImageObject\",\"inLanguage\":\"fr-FR\",\"@id\":\"https:\\\/\\\/www.immosol.com\\\/#\\\/schema\\\/logo\\\/image\\\/\",\"url\":\"https:\\\/\\\/www.immosol.com\\\/wp-content\\\/uploads\\\/2023\\\/11\\\/HOLA-01.webp\",\"contentUrl\":\"https:\\\/\\\/www.immosol.com\\\/wp-content\\\/uploads\\\/2023\\\/11\\\/HOLA-01.webp\",\"width\":574,\"height\":164,\"caption\":\"Immosol\"},\"image\":{\"@id\":\"https:\\\/\\\/www.immosol.com\\\/#\\\/schema\\\/logo\\\/image\\\/\"}}]}<\/script>\n<!-- \/ Yoast SEO plugin. -->","yoast_head_json":{"title":"D\u00e9veloppements en vente - Immosol | Costa Blanca Property Developer","robots":{"index":"noindex","follow":"follow"},"og_locale":"fr_FR","og_type":"article","og_title":"Promociones a la venta - Immosol | Promotora inmobiliaria en la Costa Blanca","og_url":"https:\/\/www.immosol.com\/fr\/promociones\/","og_site_name":"Immosol | Promotora inmobiliaria en la Costa Blanca","article_modified_time":"2026-04-21T08:12:44+00:00","og_image":[{"url":"https:\/\/www.immosol.com\/wp-content\/uploads\/elementor\/thumbs\/logo-sunny-hills-rj1iql70zmx7oamicx696ay2wihb5f2ldr7wo9nv2o.webp","type":"","width":"","height":""}],"twitter_card":"summary_large_image","schema":{"@context":"https:\/\/schema.org","@graph":[{"@type":"WebPage","@id":"https:\/\/www.immosol.com\/promociones\/","url":"https:\/\/www.immosol.com\/promociones\/","name":"D\u00e9veloppements en vente - Immosol | Costa Blanca Property Developer","isPartOf":{"@id":"https:\/\/www.immosol.com\/#website"},"primaryImageOfPage":{"@id":"https:\/\/www.immosol.com\/promociones\/#primaryimage"},"image":{"@id":"https:\/\/www.immosol.com\/promociones\/#primaryimage"},"thumbnailUrl":"https:\/\/www.immosol.com\/wp-content\/uploads\/elementor\/thumbs\/logo-sunny-hills-rj1iql70zmx7oamicx696ay2wihb5f2ldr7wo9nv2o.webp","datePublished":"2025-08-21T10:19:10+00:00","dateModified":"2026-04-21T08:12:44+00:00","breadcrumb":{"@id":"https:\/\/www.immosol.com\/promociones\/#breadcrumb"},"inLanguage":"fr-FR","potentialAction":[{"@type":"ReadAction","target":["https:\/\/www.immosol.com\/promociones\/"]}]},{"@type":"ImageObject","inLanguage":"fr-FR","@id":"https:\/\/www.immosol.com\/promociones\/#primaryimage","url":"https:\/\/www.immosol.com\/wp-content\/uploads\/elementor\/thumbs\/logo-sunny-hills-rj1iql70zmx7oamicx696ay2wihb5f2ldr7wo9nv2o.webp","contentUrl":"https:\/\/www.immosol.com\/wp-content\/uploads\/elementor\/thumbs\/logo-sunny-hills-rj1iql70zmx7oamicx696ay2wihb5f2ldr7wo9nv2o.webp"},{"@type":"BreadcrumbList","@id":"https:\/\/www.immosol.com\/promociones\/#breadcrumb","itemListElement":[{"@type":"ListItem","position":1,"name":"Portada","item":"https:\/\/www.immosol.com\/"},{"@type":"ListItem","position":2,"name":"Promociones a la venta"}]},{"@type":"WebSite","@id":"https:\/\/www.immosol.com\/#website","url":"https:\/\/www.immosol.com\/","name":"Immosol : Promoteur immobilier sur la Costa Blanca","description":"Promoteur immobilier \u00e0 Alicante","publisher":{"@id":"https:\/\/www.immosol.com\/#organization"},"potentialAction":[{"@type":"SearchAction","target":{"@type":"EntryPoint","urlTemplate":"https:\/\/www.immosol.com\/?s={search_term_string}"},"query-input":{"@type":"PropertyValueSpecification","valueRequired":true,"valueName":"search_term_string"}}],"inLanguage":"fr-FR"},{"@type":"Organization","@id":"https:\/\/www.immosol.com\/#organization","name":"Immosol","alternateName":"Promotora Inmobiliaria en Alicante (Costa Blanca)","url":"https:\/\/www.immosol.com\/","logo":{"@type":"ImageObject","inLanguage":"fr-FR","@id":"https:\/\/www.immosol.com\/#\/schema\/logo\/image\/","url":"https:\/\/www.immosol.com\/wp-content\/uploads\/2023\/11\/HOLA-01.webp","contentUrl":"https:\/\/www.immosol.com\/wp-content\/uploads\/2023\/11\/HOLA-01.webp","width":574,"height":164,"caption":"Immosol"},"image":{"@id":"https:\/\/www.immosol.com\/#\/schema\/logo\/image\/"}}]}},"_links":{"self":[{"href":"https:\/\/www.immosol.com\/fr\/wp-json\/wp\/v2\/pages\/84090","targetHints":{"allow":["GET"]}}],"collection":[{"href":"https:\/\/www.immosol.com\/fr\/wp-json\/wp\/v2\/pages"}],"about":[{"href":"https:\/\/www.immosol.com\/fr\/wp-json\/wp\/v2\/types\/page"}],"author":[{"embeddable":true,"href":"https:\/\/www.immosol.com\/fr\/wp-json\/wp\/v2\/users\/14"}],"replies":[{"embeddable":true,"href":"https:\/\/www.immosol.com\/fr\/wp-json\/wp\/v2\/comments?post=84090"}],"version-history":[{"count":0,"href":"https:\/\/www.immosol.com\/fr\/wp-json\/wp\/v2\/pages\/84090\/revisions"}],"wp:attachment":[{"href":"https:\/\/www.immosol.com\/fr\/wp-json\/wp\/v2\/media?parent=84090"}],"curies":[{"name":"wp","href":"https:\/\/api.w.org\/{rel}","templated":true}]}}